{"id":2945,"date":"2025-03-03T20:33:23","date_gmt":"2025-03-03T17:33:23","guid":{"rendered":"https:\/\/trimbox.com.tr\/urun\/ym1exp\/"},"modified":"2026-03-29T22:30:58","modified_gmt":"2026-03-29T19:30:58","slug":"ym1exp","status":"publish","type":"product","link":"https:\/\/trimbox.com.tr\/ar\/urun\/ym1exp\/","title":{"rendered":"YM1EXP"},"content":{"rendered":"<h4 id=\"mcetoc_1fffb3n8h0\"><strong>YM1EXP \u0645\u0627\u0646\u0639 \u0627\u0644\u0635\u0648\u0627\u0639\u0642 \u0645\u0646 \u0627\u0644\u062c\u064a\u0644 \u0627\u0644\u062c\u062f\u064a\u062f<\/strong><\/h4>\n<ul>\n\u00a0\t<\/p>\n<li>\u0642\u062f\u0631\u0629 \u0645\u0627\u0646\u0639 \u0635\u0648\u0627\u0639\u0642 \u0645\u0646 \u0627\u0644\u0641\u0626\u0627\u062a B \u0648 C \u0648 D<\/li>\n<p>\u00a0\t<\/p>\n<li>\u0627\u0644\u0646\u0638\u0627\u0645 \u0623\u062d\u0627\u062f\u064a \u0627\u0644\u0637\u0648\u0631 220 \u0641\u0648\u0644\u062a (Monofaze 220V)<\/li>\n<p>\u00a0\t<\/p>\n<li>\u062d\u0645\u0627\u064a\u0629 \u0636\u062f \u0627\u0644\u062c\u0647\u062f \u0627\u0644\u0639\u0627\u0644\u064a<\/li>\n<p>\u00a0\t<\/p>\n<li>\u062d\u0645\u0627\u064a\u0629 \u0636\u062f \u0627\u0644\u0627\u0631\u062a\u0641\u0627\u0639\u0627\u062a \u0627\u0644\u0645\u0641\u0627\u062c\u0626\u0629 (Peaks)<\/li>\n<p>\u00a0\t<\/p>\n<li>\u0645\u0624\u0634\u0631 LED \u0636\u0648\u0626\u064a<\/li>\n<p>\u00a0\t<\/p>\n<li>\u062d\u0645\u0627\u064a\u0629 \u0636\u062f \u0627\u0644\u0646\u0628\u0636\u0627\u062a \u0627\u0644\u0642\u0627\u062f\u0645\u0629 \u0645\u0646 \u062e\u0637 \u0627\u0644\u0623\u0631\u0636\u064a<\/li>\n<p>\u00a0\t<\/p>\n<li>\u062d\u0645\u0627\u064a\u0629 \u0641\u064a \u062d\u0627\u0644\u0629 \u0627\u062e\u062a\u0644\u0627\u0637 \u0627\u0644\u062d\u064a\u0627\u062f\u064a \u0628\u0627\u0644\u0637\u0648\u0631 (N\u00f6tr-Faz Kar\u0131\u015fmas\u0131)<\/li>\n<p>\u00a0\t<\/p>\n<li>\u0642\u062f\u0631\u0629 \u062d\u0645\u0627\u064a\u0629 \u0641\u064a \u062d\u0627\u0644\u0629 \u0636\u0639\u0641 \u0627\u0644\u062a\u0623\u0631\u064a\u0636 \u0623\u0648 \u0627\u0646\u0639\u062f\u0627\u0645\u0647 \u0628\u0627\u0644\u0643\u0627\u0645\u0644<\/li>\n<p>\u00a0\t<\/p>\n<li>\u0642\u062f\u0631\u0629 \u0639\u0644\u0649 \u0625\u062e\u0645\u0627\u062f \u0627\u0644\u062c\u0647\u062f \u0627\u0644\u0632\u0627\u0626\u062f<\/li>\n<p>\u00a0\t<\/p>\n<li>\u062d\u0645\u0627\u064a\u0629 \u0636\u062f \u0627\u0644\u0635\u0648\u0627\u0639\u0642<\/li>\n<p>\u00a0\t<\/p>\n<li>\u0634\u0639\u0627\u0631 TRIMBOX \u0648 CE \u0628\u0627\u0631\u0632\u0627\u0646<\/li>\n<p>\u00a0\t<\/p>\n<li>\u062a\u0631\u0643\u064a\u0628 \u0639\u0644\u0649 \u0645\u062e\u0631\u062c \u0627\u0644\u0642\u0627\u0637\u0639 (\u062d\u062a\u0649 1000 \u0623\u0645\u0628\u064a\u0631)<\/li>\n<p>\u00a0\t<\/p>\n<li>\u0623\u0628\u0639\u0627\u062f \u0627\u0644\u0645\u0646\u062a\u062c: 60-75-55 \u0645\u0645<\/li>\n<p>\u00a0\t<\/p>\n<li>\u063a\u064a\u0631 \u0642\u0627\u0628\u0644 \u0644\u0644\u0627\u0634\u062a\u0639\u0627\u0644 V0<\/li>\n<\/ul>\n<p>\u2666 \u0636\u0645\u0627\u0646 \u0645\u062a\u0642\u062f\u0645\u061b \u0647\u0648 \u0627\u0633\u062a\u0628\u062f\u0627\u0644 \u0627\u0644\u0645\u0646\u062a\u062c\u0627\u062a \u0645\u062c\u0627\u0646\u064b\u0627 \u0644\u0645\u0631\u0629 \u0648\u0627\u062d\u062f\u0629 \u0644\u0645\u062f\u0629 \u0633\u0646\u0629 \u0648\u0627\u062d\u062f\u0629 \u062e\u0627\u0631\u062c \u0646\u0637\u0627\u0642 \u0627\u0644\u0636\u0645\u0627\u0646.<\/p>\n","protected":false},"excerpt":{"rendered":"<p>YM1EXP \u0645\u0627\u0646\u0639 \u0627\u0644\u0635\u0648\u0627\u0639\u0642 \u0645\u0646 \u0627\u0644\u062c\u064a\u0644 \u0627\u0644\u062c\u062f\u064a\u062f \u00a0 \u0642\u062f\u0631\u0629 \u0645\u0627\u0646\u0639 \u0635\u0648\u0627\u0639\u0642 \u0645\u0646 \u0627\u0644\u0641\u0626\u0627\u062a B \u0648 C \u0648 D \u00a0 \u0627\u0644\u0646\u0638\u0627\u0645 \u0623\u062d\u0627\u062f\u064a \u0627\u0644\u0637\u0648\u0631 220 \u0641\u0648\u0644\u062a (Monofaze 220V) \u00a0 \u062d\u0645\u0627\u064a\u0629 \u0636\u062f \u0627\u0644\u062c\u0647\u062f \u0627\u0644\u0639\u0627\u0644\u064a \u00a0 \u062d\u0645\u0627\u064a\u0629 \u0636\u062f \u0627\u0644\u0627\u0631\u062a\u0641\u0627\u0639\u0627\u062a \u0627\u0644\u0645\u0641\u0627\u062c\u0626\u0629 (Peaks) \u00a0 \u0645\u0624\u0634\u0631 LED \u0636\u0648\u0626\u064a<span class=\"excerpt-hellip\"> [\u2026]<\/span><\/p>\n","protected":false},"featured_media":2947,"template":"","meta":[],"product_brand":[],"product_cat":[67,68],"product_tag":[],"class_list":{"0":"post-2945","1":"product","2":"type-product","3":"status-publish","4":"has-post-thumbnail","6":"product_cat-ana-sayfa-da-goster","7":"product_cat-urunler-tr","9":"first","10":"instock","11":"shipping-taxable","12":"product-type-simple"},"_links":{"self":[{"href":"https:\/\/trimbox.com.tr\/ar\/wp-json\/wp\/v2\/product\/2945","targetHints":{"allow":["GET"]}}],"collection":[{"href":"https:\/\/trimbox.com.tr\/ar\/wp-json\/wp\/v2\/product"}],"about":[{"href":"https:\/\/trimbox.com.tr\/ar\/wp-json\/wp\/v2\/types\/product"}],"wp:featuredmedia":[{"embeddable":true,"href":"https:\/\/trimbox.com.tr\/ar\/wp-json\/wp\/v2\/media\/2947"}],"wp:attachment":[{"href":"https:\/\/trimbox.com.tr\/ar\/wp-json\/wp\/v2\/media?parent=2945"}],"wp:term":[{"taxonomy":"product_brand","embeddable":true,"href":"https:\/\/trimbox.com.tr\/ar\/wp-json\/wp\/v2\/product_brand?post=2945"},{"taxonomy":"product_cat","embeddable":true,"href":"https:\/\/trimbox.com.tr\/ar\/wp-json\/wp\/v2\/product_cat?post=2945"},{"taxonomy":"product_tag","embeddable":true,"href":"https:\/\/trimbox.com.tr\/ar\/wp-json\/wp\/v2\/product_tag?post=2945"}],"curies":[{"name":"wp","href":"https:\/\/api.w.org\/{rel}","templated":true}]}}