{"id":3016,"date":"2025-01-28T22:53:38","date_gmt":"2025-01-28T19:53:38","guid":{"rendered":"https:\/\/trimbox.com.tr\/urun\/ymrn3\/"},"modified":"2026-03-29T22:32:07","modified_gmt":"2026-03-29T19:32:07","slug":"ymrn3","status":"publish","type":"product","link":"https:\/\/trimbox.com.tr\/ar\/urun\/ymrn3\/","title":{"rendered":"YMRN3"},"content":{"rendered":"<h4><strong>\u0633\u0644\u0633\u0644\u0629 TRIMBOX \u0627\u0644\u0628\u062d\u0631\u064a\u0629 (Marine Serisi)<\/strong><\/h4>\n<ul>\n<li>\u0642\u062f\u0631\u0629 \u0645\u0627\u0646\u0639 \u0635\u0648\u0627\u0639\u0642 \u0645\u0646 \u0627\u0644\u0641\u0626\u0627\u062a B \u0648 C \u0648 D<\/li>\n<li>\u0627\u0644\u0646\u0638\u0627\u0645 \u062b\u0644\u0627\u062b\u064a \u0627\u0644\u0637\u0648\u0631 380 \u0641\u0648\u0644\u062a (Trifaze 380V)<\/li>\n<li>\u062d\u0645\u0627\u064a\u0629 \u0636\u062f **\u0627\u0644\u062c\u0647\u062f \u0627\u0644\u0639\u0627\u0644\u064a**<\/li>\n<li>\u062d\u0645\u0627\u064a\u0629 \u0636\u062f **\u0627\u0644\u0627\u0631\u062a\u0641\u0627\u0639\u0627\u062a \u0627\u0644\u0645\u0641\u0627\u062c\u0626\u0629 (Peaks)**<\/li>\n<li>**\u0645\u0624\u0634\u0631 LED \u0636\u0648\u0626\u064a**<\/li>\n<li>\u062d\u0645\u0627\u064a\u0629 \u0641\u064a \u062d\u0627\u0644\u0629 **\u0627\u062e\u062a\u0644\u0627\u0637 \u0627\u0644\u062d\u064a\u0627\u062f\u064a \u0628\u0627\u0644\u0637\u0648\u0631** ($\\text{N\u00f6tr-Faz Kar\u0131\u015fmas\u0131}$)<\/li>\n<li>\u0642\u062f\u0631\u0629 \u062d\u0645\u0627\u064a\u0629 \u0641\u064a \u062d\u0627\u0644\u0629 **\u0636\u0639\u0641 \u0627\u0644\u062a\u0623\u0631\u064a\u0636 \u0623\u0648 \u0627\u0646\u0639\u062f\u0627\u0645\u0647 \u0628\u0627\u0644\u0643\u0627\u0645\u0644**<\/li>\n<li>\u0642\u062f\u0631\u0629 \u0639\u0644\u0649 **\u0625\u062e\u0645\u0627\u062f \u0627\u0644\u062c\u0647\u062f \u0627\u0644\u0632\u0627\u0626\u062f**<\/li>\n<li>\u062d\u0645\u0627\u064a\u0629 \u0636\u062f **\u0627\u0644\u0635\u0648\u0627\u0639\u0642**<\/li>\n<li>\u0634\u0639\u0627\u0631 **TRIMBOX** \u0648 **CE** \u0628\u0627\u0631\u0632\u0627\u0646<\/li>\n<li>**\u0634\u0639\u0627\u0631 \u0628\u062d\u0631\u064a (Marine Logosu)**<\/li>\n<li>\u062a\u0642\u0644\u064a\u0644 \u062a\u0643\u0648\u0646 **\u0627\u0644\u0643\u0647\u0631\u0628\u0627\u0621 \u0627\u0644\u0633\u0627\u0643\u0646\u0629** \u0625\u0644\u0649 \u0627\u0644\u062d\u062f \u0627\u0644\u0623\u062f\u0646\u0649<\/li>\n<li>\u0645\u0646\u0639 \u062a\u0643\u0648\u0646 **\u0641\u0631\u0642 \u0627\u0644\u062c\u0647\u062f\/\u0627\u0644\u062c\u0647\u062f** \u0639\u0644\u0649 \u0627\u0644\u0647\u064a\u0643\u0644 \u0627\u0644\u0645\u0639\u062f\u0646\u064a \u0639\u0646 \u0637\u0631\u064a\u0642 **\u0625\u0646\u0634\u0627\u0621 \u062a\u0623\u0631\u064a\u0636 \u0627\u0641\u062a\u0631\u0627\u0636\u064a**<\/li>\n<li>\u062a\u0631\u0643\u064a\u0628 \u0639\u0644\u0649 **\u0645\u062e\u0631\u062c \u0627\u0644\u0642\u0627\u0637\u0639** (\u062d\u062a\u0649 $\\text{1000A}$)<\/li>\n<li>\u0623\u0628\u0639\u0627\u062f \u0627\u0644\u0645\u0646\u062a\u062c: $\\text{50x75x60 mm}$<\/li>\n<li>**\u063a\u064a\u0631 \u0642\u0627\u0628\u0644 \u0644\u0644\u0627\u0634\u062a\u0639\u0627\u0644 V0**<\/li>\n<\/ul>\n","protected":false},"excerpt":{"rendered":"<p>\u0633\u0644\u0633\u0644\u0629 TRIMBOX \u0627\u0644\u0628\u062d\u0631\u064a\u0629 (Marine Serisi) \u0642\u062f\u0631\u0629 \u0645\u0627\u0646\u0639 \u0635\u0648\u0627\u0639\u0642 \u0645\u0646 \u0627\u0644\u0641\u0626\u0627\u062a B \u0648 C \u0648 D \u0627\u0644\u0646\u0638\u0627\u0645 \u062b\u0644\u0627\u062b\u064a \u0627\u0644\u0637\u0648\u0631 380 \u0641\u0648\u0644\u062a (Trifaze 380V) \u062d\u0645\u0627\u064a\u0629 \u0636\u062f **\u0627\u0644\u062c\u0647\u062f \u0627\u0644\u0639\u0627\u0644\u064a** \u062d\u0645\u0627\u064a\u0629 \u0636\u062f **\u0627\u0644\u0627\u0631\u062a\u0641\u0627\u0639\u0627\u062a \u0627\u0644\u0645\u0641\u0627\u062c\u0626\u0629 (Peaks)** **\u0645\u0624\u0634\u0631 LED \u0636\u0648\u0626\u064a** \u062d\u0645\u0627\u064a\u0629 \u0641\u064a \u062d\u0627\u0644\u0629 **\u0627\u062e\u062a\u0644\u0627\u0637 \u0627\u0644\u062d\u064a\u0627\u062f\u064a \u0628\u0627\u0644\u0637\u0648\u0631**<span class=\"excerpt-hellip\"> [\u2026]<\/span><\/p>\n","protected":false},"featured_media":3018,"template":"","meta":[],"product_brand":[],"product_cat":[67,68],"product_tag":[],"class_list":{"0":"post-3016","1":"product","2":"type-product","3":"status-publish","4":"has-post-thumbnail","6":"product_cat-ana-sayfa-da-goster","7":"product_cat-urunler-tr","9":"first","10":"instock","11":"shipping-taxable","12":"product-type-simple"},"_links":{"self":[{"href":"https:\/\/trimbox.com.tr\/ar\/wp-json\/wp\/v2\/product\/3016","targetHints":{"allow":["GET"]}}],"collection":[{"href":"https:\/\/trimbox.com.tr\/ar\/wp-json\/wp\/v2\/product"}],"about":[{"href":"https:\/\/trimbox.com.tr\/ar\/wp-json\/wp\/v2\/types\/product"}],"wp:featuredmedia":[{"embeddable":true,"href":"https:\/\/trimbox.com.tr\/ar\/wp-json\/wp\/v2\/media\/3018"}],"wp:attachment":[{"href":"https:\/\/trimbox.com.tr\/ar\/wp-json\/wp\/v2\/media?parent=3016"}],"wp:term":[{"taxonomy":"product_brand","embeddable":true,"href":"https:\/\/trimbox.com.tr\/ar\/wp-json\/wp\/v2\/product_brand?post=3016"},{"taxonomy":"product_cat","embeddable":true,"href":"https:\/\/trimbox.com.tr\/ar\/wp-json\/wp\/v2\/product_cat?post=3016"},{"taxonomy":"product_tag","embeddable":true,"href":"https:\/\/trimbox.com.tr\/ar\/wp-json\/wp\/v2\/product_tag?post=3016"}],"curies":[{"name":"wp","href":"https:\/\/api.w.org\/{rel}","templated":true}]}}