{"id":4716,"date":"2025-01-28T23:09:42","date_gmt":"2025-01-28T20:09:42","guid":{"rendered":"https:\/\/trimbox.com.tr\/gizlilik-ve-guvenlik-politikasi\/"},"modified":"2026-02-02T19:42:42","modified_gmt":"2026-02-02T16:42:42","slug":"politique-de-confidentialite-et-de-securite","status":"publish","type":"page","link":"https:\/\/trimbox.com.tr\/fr\/politique-de-confidentialite-et-de-securite\/","title":{"rendered":"Politique de confidentialit\u00e9 et de s\u00e9curit\u00e9"},"content":{"rendered":"","protected":false},"excerpt":{"rendered":"","protected":false},"author":1,"featured_media":-1,"parent":0,"menu_order":0,"comment_status":"closed","ping_status":"closed","template":"","meta":{"footnotes":""},"class_list":["post-4716","page","type-page","status-publish","has-post-thumbnail","hentry"],"_links":{"self":[{"href":"https:\/\/trimbox.com.tr\/fr\/wp-json\/wp\/v2\/pages\/4716","targetHints":{"allow":["GET"]}}],"collection":[{"href":"https:\/\/trimbox.com.tr\/fr\/wp-json\/wp\/v2\/pages"}],"about":[{"href":"https:\/\/trimbox.com.tr\/fr\/wp-json\/wp\/v2\/types\/page"}],"author":[{"embeddable":true,"href":"https:\/\/trimbox.com.tr\/fr\/wp-json\/wp\/v2\/users\/1"}],"replies":[{"embeddable":true,"href":"https:\/\/trimbox.com.tr\/fr\/wp-json\/wp\/v2\/comments?post=4716"}],"version-history":[{"count":0,"href":"https:\/\/trimbox.com.tr\/fr\/wp-json\/wp\/v2\/pages\/4716\/revisions"}],"wp:featuredmedia":[{"embeddable":true,"href":"https:\/\/trimbox.com.tr\/fr\/wp-json\/"}],"wp:attachment":[{"href":"https:\/\/trimbox.com.tr\/fr\/wp-json\/wp\/v2\/media?parent=4716"}],"curies":[{"name":"wp","href":"https:\/\/api.w.org\/{rel}","templated":true}]}}