{"id":4866,"date":"2025-04-18T14:52:09","date_gmt":"2025-04-18T11:52:09","guid":{"rendered":"https:\/\/trimbox.com.tr\/urun\/ympdt-data-parafudr\/"},"modified":"2026-03-29T22:38:51","modified_gmt":"2026-03-29T19:38:51","slug":"ymdt-parafoudre-de-donnees","status":"publish","type":"product","link":"https:\/\/trimbox.com.tr\/fr\/urun\/ymdt-parafoudre-de-donnees\/","title":{"rendered":"YMDT (Parafoudre de donn\u00e9es)"},"content":{"rendered":"<p>YMDT (Data Parafudr)<br \/>\nTerminaison : RJ45<\/p>\n<p>Un : 6 VDC<\/p>\n<p>Uc : 8 VDC<\/p>\n<p>FG : 250MHz<\/p>\n<p>Up : < 150V (Ligne-Ligne), 550V (Ligne-PG)\n\nIn : 10kA\n\nTemps de r\u00e9ponse : \u2264 1ns\n\nTaux de transfert : 1000Mbps\n\nNormes : IEC 61643-21\n\nIP20\n\nMat\u00e9riau du bo\u00eetier : M\u00e9tal\n\nModes de protection : L-N, L-PE, N-PE\n\nType de montage : Rail DIN 35mm\n\nPlage de temp\u00e9rature : -30\u202670 \u00b0C\n\nDimensions : 252583mm\n\nPoids : 70g\n<\/p>\n","protected":false},"excerpt":{"rendered":"<p>YMDT (Data Parafudr) Terminaison : RJ45 Un : 6 VDC Uc : 8 VDC FG : 250MHz Up : < 150V (Ligne-Ligne), 550V (Ligne-PG) In : 10kA Temps de r\u00e9ponse : \u2264 1ns Taux de transfert : 1000Mbps Normes :<span class=\"excerpt-hellip\"> [\u2026]<\/span><\/p>\n","protected":false},"featured_media":4867,"template":"","meta":[],"product_brand":[],"product_cat":[75],"product_tag":[],"class_list":{"0":"post-4866","1":"product","2":"type-product","3":"status-publish","4":"has-post-thumbnail","6":"product_cat-urunler-tr","8":"first","9":"instock","10":"shipping-taxable","11":"product-type-simple"},"_links":{"self":[{"href":"https:\/\/trimbox.com.tr\/fr\/wp-json\/wp\/v2\/product\/4866","targetHints":{"allow":["GET"]}}],"collection":[{"href":"https:\/\/trimbox.com.tr\/fr\/wp-json\/wp\/v2\/product"}],"about":[{"href":"https:\/\/trimbox.com.tr\/fr\/wp-json\/wp\/v2\/types\/product"}],"wp:featuredmedia":[{"embeddable":true,"href":"https:\/\/trimbox.com.tr\/fr\/wp-json\/wp\/v2\/media\/4867"}],"wp:attachment":[{"href":"https:\/\/trimbox.com.tr\/fr\/wp-json\/wp\/v2\/media?parent=4866"}],"wp:term":[{"taxonomy":"product_brand","embeddable":true,"href":"https:\/\/trimbox.com.tr\/fr\/wp-json\/wp\/v2\/product_brand?post=4866"},{"taxonomy":"product_cat","embeddable":true,"href":"https:\/\/trimbox.com.tr\/fr\/wp-json\/wp\/v2\/product_cat?post=4866"},{"taxonomy":"product_tag","embeddable":true,"href":"https:\/\/trimbox.com.tr\/fr\/wp-json\/wp\/v2\/product_tag?post=4866"}],"curies":[{"name":"wp","href":"https:\/\/api.w.org\/{rel}","templated":true}]}}