{"id":4869,"date":"2025-03-03T20:33:23","date_gmt":"2025-03-03T17:33:23","guid":{"rendered":"https:\/\/trimbox.com.tr\/urun\/ym1exp\/"},"modified":"2026-03-29T22:30:58","modified_gmt":"2026-03-29T19:30:58","slug":"ym1exp","status":"publish","type":"product","link":"https:\/\/trimbox.com.tr\/fr\/urun\/ym1exp\/","title":{"rendered":"YM1EXP"},"content":{"rendered":"<p>YM1EXP PARAFOUDRE DE NOUVELLE G\u00c9N\u00c9RATION<br \/>\nCapacit\u00e9 de Parafoudre de Classe B, C et D<\/p>\n<p>Syst\u00e8me Monophas\u00e9 220V<\/p>\n<p>Protection contre la Haute Tension<\/p>\n<p>Protection contre les Peaks (Pics de tension)<\/p>\n<p>Indicateur LED<\/p>\n<p>Protection contre les Chocs provenant de la Ligne de Terre<\/p>\n<p>Protection en cas d&rsquo;Inversion Neutre-Phase<\/p>\n<p>Capacit\u00e9 de Protection en cas de Mise \u00e0 la Terre Faible ou Inexistante<\/p>\n<p>Capacit\u00e9 d&rsquo;Amortissement de Surtension<\/p>\n<p>Protection contre la Foudre<\/p>\n<p>Logos TRIMBOX et CE en Relief<\/p>\n<p>Montage en Sortie de Disjoncteur (jusqu&rsquo;\u00e0 1000A)<\/p>\n<p>Dimensions du produit : 55-75-60 mm<\/p>\n<p>Inflammabilit\u00e9 V0<\/p>\n<p>\u2666 Garantie avanc\u00e9e ; remplacement gratuit des produits hors garantie, une seule fois pendant 1 an.<\/p>\n","protected":false},"excerpt":{"rendered":"<p>YM1EXP PARAFOUDRE DE NOUVELLE G\u00c9N\u00c9RATION Capacit\u00e9 de Parafoudre de Classe B, C et D Syst\u00e8me Monophas\u00e9 220V Protection contre la Haute Tension Protection contre les Peaks (Pics de tension) Indicateur LED Protection contre les Chocs provenant de la Ligne de<span class=\"excerpt-hellip\"> [\u2026]<\/span><\/p>\n","protected":false},"featured_media":4871,"template":"","meta":[],"product_brand":[],"product_cat":[76,75],"product_tag":[],"class_list":{"0":"post-4869","1":"product","2":"type-product","3":"status-publish","4":"has-post-thumbnail","6":"product_cat-ana-sayfa-da-goster","7":"product_cat-urunler-tr","9":"first","10":"instock","11":"shipping-taxable","12":"product-type-simple"},"_links":{"self":[{"href":"https:\/\/trimbox.com.tr\/fr\/wp-json\/wp\/v2\/product\/4869","targetHints":{"allow":["GET"]}}],"collection":[{"href":"https:\/\/trimbox.com.tr\/fr\/wp-json\/wp\/v2\/product"}],"about":[{"href":"https:\/\/trimbox.com.tr\/fr\/wp-json\/wp\/v2\/types\/product"}],"wp:featuredmedia":[{"embeddable":true,"href":"https:\/\/trimbox.com.tr\/fr\/wp-json\/wp\/v2\/media\/4871"}],"wp:attachment":[{"href":"https:\/\/trimbox.com.tr\/fr\/wp-json\/wp\/v2\/media?parent=4869"}],"wp:term":[{"taxonomy":"product_brand","embeddable":true,"href":"https:\/\/trimbox.com.tr\/fr\/wp-json\/wp\/v2\/product_brand?post=4869"},{"taxonomy":"product_cat","embeddable":true,"href":"https:\/\/trimbox.com.tr\/fr\/wp-json\/wp\/v2\/product_cat?post=4869"},{"taxonomy":"product_tag","embeddable":true,"href":"https:\/\/trimbox.com.tr\/fr\/wp-json\/wp\/v2\/product_tag?post=4869"}],"curies":[{"name":"wp","href":"https:\/\/api.w.org\/{rel}","templated":true}]}}