{"id":4883,"date":"2025-02-06T16:02:32","date_gmt":"2025-02-06T13:02:32","guid":{"rendered":"https:\/\/trimbox.com.tr\/urun\/4-kutup-bcd-sinifi-parafudr-100ka\/"},"modified":"2026-03-29T22:38:30","modified_gmt":"2026-03-29T19:38:30","slug":"parafoudre-4-poles-classe-bcd-100ka","status":"publish","type":"product","link":"https:\/\/trimbox.com.tr\/fr\/urun\/parafoudre-4-poles-classe-bcd-100ka\/","title":{"rendered":"Parafoudre 4 P\u00f4les Classe B+C+D 100kA"},"content":{"rendered":"<p>Nombre de p\u00f4les : 4 (3 phases + neutre)<\/p>\n<p>Tension de fonctionnement V(in) (L-L) : 400V<\/p>\n<p>Fr\u00e9quence de fonctionnement : 50\/60 Hz<\/p>\n<p>Niveau de protection de tension Up : < 1,2kV\n\nNiveau de protection de tension (N) Up : < 1,5kV\n\nCat\u00e9gorie IEC : Classe I + II + III\n\nTension nominale Un : 230 VAC (230VAC \u2013 320VAC)\n\nTension nominale de l'\u00e9clateur Uc : (L-N) 320VAC, (L-PE) 320VAC, (N-PE) 255VAC\n\nFr\u00e9quence nominale Fn : 50 Hz \u2013 60 Hz\n\nCourant de d\u00e9charge maximum Imax : 50kA\n\nCourant de d\u00e9charge maximum (N) Imax : 100kA\n\nTemps de r\u00e9ponse (L-L), (L-N), (L-PE), (N-PE) : \u2264 10ns\n\nConnexion d'entr\u00e9e : Borne \u00e0 vis\n\nConnexion de sortie : Aucune\n\nFiletage de vis : M5, Couple : 4,5Nm\n\nSection de conducteur (multibrin et monobrin) : 2,5 mm2, 4 mm2\n\nNormes \/ R\u00e8glements : IEC 61643-11 2011, IEC 61643-11 2012\n\nClasse de protection : IP20\n\nMat\u00e9riau du bo\u00eetier : ABS blanc, Degr\u00e9 d'inflammabilit\u00e9 UL\u201994 V-0\n\nNormes pour les distances d'isolement et de fuite : DIN VDE 0110-1, IEC 60664-1\n\nSens de mouvement : 3 L \u2013 N \u2013 PE\n\nType de montage, Conception : Rail DIN 35mm, Module de rail\n\nTemp\u00e9rature ambiante : -50 \u00b0C, +80 \u00b0C\n\nDimensions : 50 x 75 x 60mm\n<\/p>\n","protected":false},"excerpt":{"rendered":"<p>Nombre de p\u00f4les : 4 (3 phases + neutre) Tension de fonctionnement V(in) (L-L) : 400V Fr\u00e9quence de fonctionnement : 50\/60 Hz Niveau de protection de tension Up : < 1,2kV Niveau de protection de tension (N) Up : <<span class=\"excerpt-hellip\"> [\u2026]<\/span><\/p>\n","protected":false},"featured_media":4884,"template":"","meta":[],"product_brand":[],"product_cat":[75],"product_tag":[],"class_list":{"0":"post-4883","1":"product","2":"type-product","3":"status-publish","4":"has-post-thumbnail","6":"product_cat-urunler-tr","8":"first","9":"instock","10":"shipping-taxable","11":"product-type-simple"},"_links":{"self":[{"href":"https:\/\/trimbox.com.tr\/fr\/wp-json\/wp\/v2\/product\/4883","targetHints":{"allow":["GET"]}}],"collection":[{"href":"https:\/\/trimbox.com.tr\/fr\/wp-json\/wp\/v2\/product"}],"about":[{"href":"https:\/\/trimbox.com.tr\/fr\/wp-json\/wp\/v2\/types\/product"}],"wp:featuredmedia":[{"embeddable":true,"href":"https:\/\/trimbox.com.tr\/fr\/wp-json\/wp\/v2\/media\/4884"}],"wp:attachment":[{"href":"https:\/\/trimbox.com.tr\/fr\/wp-json\/wp\/v2\/media?parent=4883"}],"wp:term":[{"taxonomy":"product_brand","embeddable":true,"href":"https:\/\/trimbox.com.tr\/fr\/wp-json\/wp\/v2\/product_brand?post=4883"},{"taxonomy":"product_cat","embeddable":true,"href":"https:\/\/trimbox.com.tr\/fr\/wp-json\/wp\/v2\/product_cat?post=4883"},{"taxonomy":"product_tag","embeddable":true,"href":"https:\/\/trimbox.com.tr\/fr\/wp-json\/wp\/v2\/product_tag?post=4883"}],"curies":[{"name":"wp","href":"https:\/\/api.w.org\/{rel}","templated":true}]}}