{"id":4905,"date":"2025-02-06T15:50:30","date_gmt":"2025-02-06T12:50:30","guid":{"rendered":"https:\/\/trimbox.com.tr\/urun\/4-kutup-bc-sinifi-parafudr-800v\/"},"modified":"2026-03-29T22:36:49","modified_gmt":"2026-03-29T19:36:49","slug":"parafoudre-4-poles-classe-bc-800v","status":"publish","type":"product","link":"https:\/\/trimbox.com.tr\/fr\/urun\/parafoudre-4-poles-classe-bc-800v\/","title":{"rendered":"Parafoudre 4 P\u00f4les Classe B+C 800V"},"content":{"rendered":"<p>Nombre de p\u00f4les : 4 (3 phases + neutre)<\/p>\n<p>Tension de fonctionnement V(in) : 800V<\/p>\n<p>Fr\u00e9quence de fonctionnement : 50\/60 Hz<\/p>\n<p>Niveau de protection de tension Up : < 3,5kV\n\nCat\u00e9gorie IEC : Classe I + II\n\nTension nominale Un : 800VAC (800VAC - 1000VAC)\n\nTension nominale de l'\u00e9clateur Uc : (L-N) 1000VAC, (L-PE) 1000VAC\n\nFr\u00e9quence nominale Fn : 50 Hz \u2013 60 Hz\n\nCourant de d\u00e9charge maximum In : 50kA\n\nCourant de d\u00e9charge maximum (N) In : 100kA\n\nCourant nominal de d\u00e9charge Iimp : 6,25kA\n\nTemps de r\u00e9ponse (L-N), (L-PE) : \u2264 10ns\n\nConnexion d'entr\u00e9e : Borne \u00e0 vis\n\nConnexion de sortie : Aucune\n\nFiletage de vis : M5, Couple : 4,5Nm\n\nSection de conducteur multibrin : 2,5 mm\u00b2, 4 mm\u00b2\n\nNormes \/ R\u00e8glements : IEC 61643-11 2011, IEC 61643-11 2012\n\nClasse de protection : IP20\n\nMat\u00e9riau du bo\u00eetier : ABS blanc, Degr\u00e9 d'inflammabilit\u00e9 UL\u201994 V-0\n\nNormes pour les distances d'isolement et de fuite : DIN VDE 0110-1, IEC 60664-1\n\nSens de mouvement : 3 L \u2013 N \u2013 PE\n\nType de montage, Conception : Rail DIN 35mm, Module de rail\n\nTemp\u00e9rature ambiante : -50 \u00b0C, +80 \u00b0C\n\nDimensions : 50 x 75 x 60mm\n\nUne production avec sortie contact est possible.\n<\/p>\n","protected":false},"excerpt":{"rendered":"<p>Nombre de p\u00f4les : 4 (3 phases + neutre) Tension de fonctionnement V(in) : 800V Fr\u00e9quence de fonctionnement : 50\/60 Hz Niveau de protection de tension Up : < 3,5kV Cat\u00e9gorie IEC : Classe I + II Tension nominale Un<span class=\"excerpt-hellip\"> [\u2026]<\/span><\/p>\n","protected":false},"featured_media":4907,"template":"","meta":[],"product_brand":[],"product_cat":[75],"product_tag":[],"class_list":{"0":"post-4905","1":"product","2":"type-product","3":"status-publish","4":"has-post-thumbnail","6":"product_cat-urunler-tr","8":"first","9":"instock","10":"shipping-taxable","11":"product-type-simple"},"_links":{"self":[{"href":"https:\/\/trimbox.com.tr\/fr\/wp-json\/wp\/v2\/product\/4905","targetHints":{"allow":["GET"]}}],"collection":[{"href":"https:\/\/trimbox.com.tr\/fr\/wp-json\/wp\/v2\/product"}],"about":[{"href":"https:\/\/trimbox.com.tr\/fr\/wp-json\/wp\/v2\/types\/product"}],"wp:featuredmedia":[{"embeddable":true,"href":"https:\/\/trimbox.com.tr\/fr\/wp-json\/wp\/v2\/media\/4907"}],"wp:attachment":[{"href":"https:\/\/trimbox.com.tr\/fr\/wp-json\/wp\/v2\/media?parent=4905"}],"wp:term":[{"taxonomy":"product_brand","embeddable":true,"href":"https:\/\/trimbox.com.tr\/fr\/wp-json\/wp\/v2\/product_brand?post=4905"},{"taxonomy":"product_cat","embeddable":true,"href":"https:\/\/trimbox.com.tr\/fr\/wp-json\/wp\/v2\/product_cat?post=4905"},{"taxonomy":"product_tag","embeddable":true,"href":"https:\/\/trimbox.com.tr\/fr\/wp-json\/wp\/v2\/product_tag?post=4905"}],"curies":[{"name":"wp","href":"https:\/\/api.w.org\/{rel}","templated":true}]}}