{"id":4913,"date":"2025-02-06T15:30:52","date_gmt":"2025-02-06T12:30:52","guid":{"rendered":"https:\/\/trimbox.com.tr\/urun\/2-kutup-bc-sinifi-parafudr-100ka\/"},"modified":"2026-03-29T22:36:18","modified_gmt":"2026-03-29T19:36:18","slug":"parafoudre-2-poles-classe-bc-100ka","status":"publish","type":"product","link":"https:\/\/trimbox.com.tr\/fr\/urun\/parafoudre-2-poles-classe-bc-100ka\/","title":{"rendered":"Parafoudre 2 P\u00f4les Classe B+C 100kA"},"content":{"rendered":"<div class=\"col-sm-16 clearfix\">\n<div class=\"product-detail\">\n<div class=\"product-detail-inner\">\n<div class=\"features-col\">\n<h3><strong>YM2T1T2 PARAFOUDRE 2 P\u00d4LES CLASSE B+C 100kA<\/strong><\/h3>\n<p>Nombre de p\u00f4les : 2 (phase + neutre)<br \/>\nTension de fonctionnement V(in) (L-N) : 230V<br \/>\nFr\u00e9quence de fonctionnement : 50\/60 Hz<br \/>\nNiveau de protection de tension Up : &lt;1,6kV<br \/>\nCat\u00e9gorie CEI : Classe I+II<br \/>\nTension nominale Un : 230 V AC (230VAC \u2013 320VAC)<br \/>\nTension de r\u00e9gime permanent Uc (L-N) : 320VAC, Uc (L-PE) : 320VAC, Uc (N-PE) : 255VAC<br \/>\nFr\u00e9quence nominale Fn : 50 Hz \u2013 60 Hz<br \/>\nCourant de d\u00e9charge maximal In : 50kA<br \/>\nCourant de d\u00e9charge maximal (N) In : 100kA<br \/>\nNominal de d\u00e9charge courant Iimp : 12,5kA<br \/>\nTemps de r\u00e9ponse (L-N), (L-PE), (N-PE) : \u2264 10ns<br \/>\nConnexion d&rsquo;entr\u00e9e : Borne \u00e0 vis<br \/>\nConnexion de sortie : Aucune<br \/>\nFiletage de vis : M5, Couple : 4,5Nm<br \/>\nSection de conducteur multibrin : 2,5 mm2, 4 mm2<br \/>\nNormes\/R\u00e8glements : CEI 61643-11 2011, CEI 61643-11 2012<br \/>\nIndice de protection : IP20<br \/>\nMat\u00e9riau du bo\u00eetier : ABS blanc, degr\u00e9 d&rsquo;inflammabilit\u00e9 UL\u201994 V-0<br \/>\nNormes pour distances d&rsquo;isolement et lignes de fuite : DIN VDE 0110-1, CEI 60664-1<br \/>\nMode de protection : L \u2013 N \u2013 PE<br \/>\nType de montage, Conception : Rail DIN 35mm, Module sur rail<br \/>\nTemp\u00e9rature ambiante : -50 \u00b0C, +80 \u00b0C<br \/>\nDimensions : 50 x 75 x 60mm<br \/>\nProduction avec sortie contact disponible sur demande.<\/p>\n<\/div>\n<\/div>\n<\/div>\n<\/div>\n","protected":false},"excerpt":{"rendered":"<p>YM2T1T2 PARAFOUDRE 2 P\u00d4LES CLASSE B+C 100kA Nombre de p\u00f4les : 2 (phase + neutre) Tension de fonctionnement V(in) (L-N) : 230V Fr\u00e9quence de fonctionnement : 50\/60 Hz Niveau de protection de tension Up : &lt;1,6kV Cat\u00e9gorie CEI : Classe<span class=\"excerpt-hellip\"> [\u2026]<\/span><\/p>\n","protected":false},"featured_media":4915,"template":"","meta":[],"product_brand":[],"product_cat":[75],"product_tag":[],"class_list":{"0":"post-4913","1":"product","2":"type-product","3":"status-publish","4":"has-post-thumbnail","6":"product_cat-urunler-tr","8":"first","9":"instock","10":"shipping-taxable","11":"product-type-simple"},"_links":{"self":[{"href":"https:\/\/trimbox.com.tr\/fr\/wp-json\/wp\/v2\/product\/4913","targetHints":{"allow":["GET"]}}],"collection":[{"href":"https:\/\/trimbox.com.tr\/fr\/wp-json\/wp\/v2\/product"}],"about":[{"href":"https:\/\/trimbox.com.tr\/fr\/wp-json\/wp\/v2\/types\/product"}],"wp:featuredmedia":[{"embeddable":true,"href":"https:\/\/trimbox.com.tr\/fr\/wp-json\/wp\/v2\/media\/4915"}],"wp:attachment":[{"href":"https:\/\/trimbox.com.tr\/fr\/wp-json\/wp\/v2\/media?parent=4913"}],"wp:term":[{"taxonomy":"product_brand","embeddable":true,"href":"https:\/\/trimbox.com.tr\/fr\/wp-json\/wp\/v2\/product_brand?post=4913"},{"taxonomy":"product_cat","embeddable":true,"href":"https:\/\/trimbox.com.tr\/fr\/wp-json\/wp\/v2\/product_cat?post=4913"},{"taxonomy":"product_tag","embeddable":true,"href":"https:\/\/trimbox.com.tr\/fr\/wp-json\/wp\/v2\/product_tag?post=4913"}],"curies":[{"name":"wp","href":"https:\/\/api.w.org\/{rel}","templated":true}]}}