{"id":4918,"date":"2025-02-06T15:22:05","date_gmt":"2025-02-06T12:22:05","guid":{"rendered":"https:\/\/trimbox.com.tr\/urun\/2-kutup-bc-sinifi-parafudr-50ka\/"},"modified":"2026-03-29T22:35:58","modified_gmt":"2026-03-29T19:35:58","slug":"parafoudre-2-poles-classe-bc-50ka","status":"publish","type":"product","link":"https:\/\/trimbox.com.tr\/fr\/urun\/parafoudre-2-poles-classe-bc-50ka\/","title":{"rendered":"Parafoudre 2 P\u00f4les Classe B+C 50kA"},"content":{"rendered":"<div class=\"col-sm-16 clearfix\">\n<div class=\"product-detail\">\n<div class=\"product-detail-inner\">\n<div class=\"features-col\">\n<h3><strong>PARAFOUDRE CLASSE B+C \u00c0 2 P\u00d4LES<\/strong><\/h3>\n<ul>\n<li>Nombre de p\u00f4les : 2 (phase + neutre)<\/li>\n<li>Tension de fonctionnement V(in) : 230V<\/li>\n<li>Fr\u00e9quence de fonctionnement : 50\/60 Hz<\/li>\n<li>Niveau de protection de tension Up : &lt;1,6kV<\/li>\n<li>Cat\u00e9gorie CEI : Classe I+II<\/li>\n<li>Tension nominale Un : 230 V AC (230V AC \u2013 275V AC)<\/li>\n<li>Tension de r\u00e9gime permanent Uc (L-N) : 275 V AC, Uc (L-PE) : 275 V AC<\/li>\n<li>Fr\u00e9quence nominale Fn : 50 Hz \u2013 60 Hz<\/li>\n<li>Courant de d\u00e9charge maximal Imax : 50kA \u2264 10ns<\/li>\n<li>Courant nominal de d\u00e9charge Iimp : 12,5kA \u2264 10ns<\/li>\n<li>Temps de r\u00e9ponse (L-N), (L-PE) : \u2264 10ns<\/li>\n<li>Connexion d&rsquo;entr\u00e9e : Borne \u00e0 vis<\/li>\n<li>Connexion de sortie : Aucune<\/li>\n<li>Filetage de vis : M5, Couple : 4,5Nm<\/li>\n<li>Section de conducteur multibrin et monobrin : 2,5 mm2, 4 mm2<\/li>\n<li>Normes\/R\u00e8glements : CEI 61643-11 2011, CEI 61643-11 2012<\/li>\n<li>Indice de protection : IP20<\/li>\n<li>Mat\u00e9riau du bo\u00eetier : ABS blanc, degr\u00e9 d&rsquo;inflammabilit\u00e9 UL\u201994 V-0<\/li>\n<li>Normes pour distances d&rsquo;isolement et lignes de fuite : DIN VDE 0110-1, CEI 60664-1<\/li>\n<li>Indicateur de protection d\u00e9fectueuse : 1 LED<\/li>\n<li>Mode de protection : L \u2013 N \u2013 PE<\/li>\n<li>Type de montage, Conception : Rail DIN 35mm, Module sur rail<\/li>\n<li>Temp\u00e9rature ambiante : -50 \u00b0C, +80 \u00b0C<\/li>\n<li>Dimensions : 50 x 75 x 60mm<\/li>\n<\/ul>\n<\/div>\n<\/div>\n<\/div>\n<\/div>\n","protected":false},"excerpt":{"rendered":"<p>PARAFOUDRE CLASSE B+C \u00c0 2 P\u00d4LES Nombre de p\u00f4les : 2 (phase + neutre) Tension de fonctionnement V(in) : 230V Fr\u00e9quence de fonctionnement : 50\/60 Hz Niveau de protection de tension Up : &lt;1,6kV Cat\u00e9gorie CEI : Classe I+II Tension<span class=\"excerpt-hellip\"> [\u2026]<\/span><\/p>\n","protected":false},"featured_media":4920,"template":"","meta":[],"product_brand":[],"product_cat":[75],"product_tag":[],"class_list":{"0":"post-4918","1":"product","2":"type-product","3":"status-publish","4":"has-post-thumbnail","6":"product_cat-urunler-tr","8":"first","9":"instock","10":"shipping-taxable","11":"product-type-simple"},"_links":{"self":[{"href":"https:\/\/trimbox.com.tr\/fr\/wp-json\/wp\/v2\/product\/4918","targetHints":{"allow":["GET"]}}],"collection":[{"href":"https:\/\/trimbox.com.tr\/fr\/wp-json\/wp\/v2\/product"}],"about":[{"href":"https:\/\/trimbox.com.tr\/fr\/wp-json\/wp\/v2\/types\/product"}],"wp:featuredmedia":[{"embeddable":true,"href":"https:\/\/trimbox.com.tr\/fr\/wp-json\/wp\/v2\/media\/4920"}],"wp:attachment":[{"href":"https:\/\/trimbox.com.tr\/fr\/wp-json\/wp\/v2\/media?parent=4918"}],"wp:term":[{"taxonomy":"product_brand","embeddable":true,"href":"https:\/\/trimbox.com.tr\/fr\/wp-json\/wp\/v2\/product_brand?post=4918"},{"taxonomy":"product_cat","embeddable":true,"href":"https:\/\/trimbox.com.tr\/fr\/wp-json\/wp\/v2\/product_cat?post=4918"},{"taxonomy":"product_tag","embeddable":true,"href":"https:\/\/trimbox.com.tr\/fr\/wp-json\/wp\/v2\/product_tag?post=4918"}],"curies":[{"name":"wp","href":"https:\/\/api.w.org\/{rel}","templated":true}]}}