{"id":4933,"date":"2025-02-06T15:15:50","date_gmt":"2025-02-06T12:15:50","guid":{"rendered":"https:\/\/trimbox.com.tr\/urun\/dc-parafudr\/"},"modified":"2026-03-29T22:35:24","modified_gmt":"2026-03-29T19:35:24","slug":"parafoudre-dc","status":"publish","type":"product","link":"https:\/\/trimbox.com.tr\/fr\/urun\/parafoudre-dc\/","title":{"rendered":"Parafoudre DC"},"content":{"rendered":"<div class=\"col-sm-16 clearfix\">\n<div class=\"product-detail\">\n<div class=\"product-detail-inner\">\n<div class=\"features-col\">\n<p>Les parafoudres DC trouvent de larges domaines d&rsquo;application, en particulier dans les centrales solaires photovolta\u00efques, le secteur des t\u00e9l\u00e9communications, les syst\u00e8mes de donn\u00e9es et les syst\u00e8mes de s\u00e9curit\u00e9.<\/p>\n<p>Couvrant une large gamme de 12V \u00e0 1500V, les parafoudres DC de la marque Trimbox sont produits sur la m\u00eame carte que les parafoudres AC, permettant ainsi une \u00e9conomie de co\u00fbt de 2\/3 pour le consommateur.<\/p>\n<h3><strong>Parafoudres DC 12V-1500V<\/strong><\/h3>\n<ul>\n<li>Syst\u00e8me : DC<\/li>\n<\/ul>\n<ul>\n<li>Connexion \u00e0 la terre : Oui<\/li>\n<\/ul>\n<ul>\n<li>Mode de protection : (+)-PE, (-)-PE, (+)-(-)<\/li>\n<\/ul>\n<ul>\n<li>Imax : 12,5kA (10\/350 \u00b5s)<\/li>\n<\/ul>\n<ul>\n<li>In : 20kA (8\/20 \u00b5s)<\/li>\n<\/ul>\n<ul>\n<li>Itotal : 50kA (8\/20 \u00b5s)<\/li>\n<\/ul>\n<ul>\n<li>Temps de r\u00e9ponse (+)-PE, (-)-PE, (+)-(-) : \u2264 10ns<\/li>\n<\/ul>\n<ul>\n<li>Connexion d&rsquo;entr\u00e9e : Borne \u00e0 vis<\/li>\n<\/ul>\n<ul>\n<li>Connexion de sortie : Aucune<\/li>\n<\/ul>\n<ul>\n<li>Section de conducteur multibrin et monobrin : 2,5 mm2, 4 mm2<\/li>\n<\/ul>\n<ul>\n<li>Indice de protection : IP20<\/li>\n<\/ul>\n<ul>\n<li>Mat\u00e9riau du bo\u00eetier : ABS blanc, degr\u00e9 d&rsquo;inflammabilit\u00e9 UL\u201994 V-0<\/li>\n<\/ul>\n<ul>\n<li>Normes\/R\u00e8glements : EN 50539-11:2013+A, EN 50539-11:2013+A1:2014<\/li>\n<\/ul>\n<ul>\n<li>Normes pour distances d&rsquo;isolement et lignes de fuite : DIN VDE 0110-1, CEI 60664-1<\/li>\n<\/ul>\n<ul>\n<li>Indicateur de protection d\u00e9fectueuse : 1 LED<\/li>\n<\/ul>\n<ul>\n<li>Mode de protection : (+)-PE, (-)-PE, (+)-(-)<\/li>\n<\/ul>\n<ul>\n<li>Type de montage, Conception : Rail DIN 35mm, Module sur rail<\/li>\n<\/ul>\n<ul>\n<li>Temp\u00e9rature ambiante : -50 \u00b0C, +80 \u00b0C<\/li>\n<\/ul>\n<ul>\n<li>Dimensions : 50 x 75 x 60mm<\/li>\n<\/ul>\n<\/div>\n<\/div>\n<\/div>\n<\/div>\n","protected":false},"excerpt":{"rendered":"<p>Les parafoudres DC trouvent de larges domaines d&rsquo;application, en particulier dans les centrales solaires photovolta\u00efques, le secteur des t\u00e9l\u00e9communications, les syst\u00e8mes de donn\u00e9es et les syst\u00e8mes de s\u00e9curit\u00e9. Couvrant une large gamme de 12V \u00e0 1500V, les parafoudres DC de<span class=\"excerpt-hellip\"> [\u2026]<\/span><\/p>\n","protected":false},"featured_media":4934,"template":"","meta":[],"product_brand":[],"product_cat":[75],"product_tag":[],"class_list":{"0":"post-4933","1":"product","2":"type-product","3":"status-publish","4":"has-post-thumbnail","6":"product_cat-urunler-tr","8":"first","9":"instock","10":"shipping-taxable","11":"product-type-simple"},"_links":{"self":[{"href":"https:\/\/trimbox.com.tr\/fr\/wp-json\/wp\/v2\/product\/4933","targetHints":{"allow":["GET"]}}],"collection":[{"href":"https:\/\/trimbox.com.tr\/fr\/wp-json\/wp\/v2\/product"}],"about":[{"href":"https:\/\/trimbox.com.tr\/fr\/wp-json\/wp\/v2\/types\/product"}],"wp:featuredmedia":[{"embeddable":true,"href":"https:\/\/trimbox.com.tr\/fr\/wp-json\/wp\/v2\/media\/4934"}],"wp:attachment":[{"href":"https:\/\/trimbox.com.tr\/fr\/wp-json\/wp\/v2\/media?parent=4933"}],"wp:term":[{"taxonomy":"product_brand","embeddable":true,"href":"https:\/\/trimbox.com.tr\/fr\/wp-json\/wp\/v2\/product_brand?post=4933"},{"taxonomy":"product_cat","embeddable":true,"href":"https:\/\/trimbox.com.tr\/fr\/wp-json\/wp\/v2\/product_cat?post=4933"},{"taxonomy":"product_tag","embeddable":true,"href":"https:\/\/trimbox.com.tr\/fr\/wp-json\/wp\/v2\/product_tag?post=4933"}],"curies":[{"name":"wp","href":"https:\/\/api.w.org\/{rel}","templated":true}]}}