{"id":4942,"date":"2025-02-06T15:09:43","date_gmt":"2025-02-06T12:09:43","guid":{"rendered":"https:\/\/trimbox.com.tr\/urun\/ymrn1\/"},"modified":"2026-03-29T22:31:49","modified_gmt":"2026-03-29T19:31:49","slug":"ymrn1","status":"publish","type":"product","link":"https:\/\/trimbox.com.tr\/fr\/urun\/ymrn1\/","title":{"rendered":"YMRN1"},"content":{"rendered":"<div class=\"col-sm-16 clearfix\">\n<div class=\"product-detail\">\n<div class=\"product-detail-inner\">\n<div class=\"features-col\">\n<h3><strong>TRIMBOX S\u00c9RIE MARINE<\/strong><\/h3>\n<ul>\n<li>Capacit\u00e9 de parafoudre classes B, C et D<\/li>\n<li>Syst\u00e8me monophas\u00e9 230V<\/li>\n<li>Protection contre la haute tension<\/li>\n<li>Protection contre les pics de tension (Peaks)<\/li>\n<li>Indicateur LED<\/li>\n<li>Protection en cas d&rsquo;inversion Neutre-Phase<\/li>\n<li>Capacit\u00e9 de protection en cas de mise \u00e0 la terre faible ou inexistante<\/li>\n<li>Capacit\u00e9 d&rsquo;amortissement des surtensions<\/li>\n<li>Protection contre la foudre<\/li>\n<li>Logos TRIMBOX et CE en relief<\/li>\n<li>Logo Marine<\/li>\n<li>Minimisation de la formation d&rsquo;\u00e9lectricit\u00e9 statique<\/li>\n<li>Emp\u00eache la formation de diff\u00e9rence de potentiel\/tension sur les parties m\u00e9talliques en cr\u00e9ant une mise \u00e0 la terre virtuelle<\/li>\n<li>Montage en sortie de disjoncteur (jusqu&rsquo;\u00e0 1000A)<\/li>\n<li>Dimensions du produit : 50x75x60 mm<\/li>\n<li>Inflammabilit\u00e9 V0 (Auto-extinguible)<\/li>\n<\/ul>\n<\/div>\n<\/div>\n<\/div>\n<\/div>\n","protected":false},"excerpt":{"rendered":"<p>TRIMBOX S\u00c9RIE MARINE Capacit\u00e9 de parafoudre classes B, C et D Syst\u00e8me monophas\u00e9 230V Protection contre la haute tension Protection contre les pics de tension (Peaks) Indicateur LED Protection en cas d&rsquo;inversion Neutre-Phase Capacit\u00e9 de protection en cas de mise<span class=\"excerpt-hellip\"> [\u2026]<\/span><\/p>\n","protected":false},"featured_media":4943,"template":"","meta":[],"product_brand":[],"product_cat":[75],"product_tag":[],"class_list":{"0":"post-4942","1":"product","2":"type-product","3":"status-publish","4":"has-post-thumbnail","6":"product_cat-urunler-tr","8":"first","9":"instock","10":"shipping-taxable","11":"product-type-simple"},"_links":{"self":[{"href":"https:\/\/trimbox.com.tr\/fr\/wp-json\/wp\/v2\/product\/4942","targetHints":{"allow":["GET"]}}],"collection":[{"href":"https:\/\/trimbox.com.tr\/fr\/wp-json\/wp\/v2\/product"}],"about":[{"href":"https:\/\/trimbox.com.tr\/fr\/wp-json\/wp\/v2\/types\/product"}],"wp:featuredmedia":[{"embeddable":true,"href":"https:\/\/trimbox.com.tr\/fr\/wp-json\/wp\/v2\/media\/4943"}],"wp:attachment":[{"href":"https:\/\/trimbox.com.tr\/fr\/wp-json\/wp\/v2\/media?parent=4942"}],"wp:term":[{"taxonomy":"product_brand","embeddable":true,"href":"https:\/\/trimbox.com.tr\/fr\/wp-json\/wp\/v2\/product_brand?post=4942"},{"taxonomy":"product_cat","embeddable":true,"href":"https:\/\/trimbox.com.tr\/fr\/wp-json\/wp\/v2\/product_cat?post=4942"},{"taxonomy":"product_tag","embeddable":true,"href":"https:\/\/trimbox.com.tr\/fr\/wp-json\/wp\/v2\/product_tag?post=4942"}],"curies":[{"name":"wp","href":"https:\/\/api.w.org\/{rel}","templated":true}]}}