{"id":4950,"date":"2025-02-06T15:04:27","date_gmt":"2025-02-06T12:04:27","guid":{"rendered":"https:\/\/trimbox.com.tr\/urun\/ymmut3-makine-koruma-panosu\/"},"modified":"2026-03-29T22:34:32","modified_gmt":"2026-03-29T19:34:32","slug":"panneau-de-protection-de-machine-ymmut3","status":"publish","type":"product","link":"https:\/\/trimbox.com.tr\/fr\/urun\/panneau-de-protection-de-machine-ymmut3\/","title":{"rendered":"Panneau de Protection de Machine YMMUT3"},"content":{"rendered":"<div class=\"col-sm-16 clearfix\">\n<div class=\"product-detail\">\n<div class=\"product-detail-inner\">\n<div class=\"features-col\">\n<h3><strong>YMMUT3 Panneau de Protection de Machine<\/strong><\/h3>\n<ul>\n<li>TABLEAU DE COMBINAISON AVEC PARAFOUDRE DE NOUVELLE G\u00c9N\u00c9RATION<\/li>\n<li>Capacit\u00e9 de parafoudre classes B, C et D<\/li>\n<li>Syst\u00e8me triphas\u00e9 380V<\/li>\n<li>Protection contre la haute tension<\/li>\n<li>Protection contre les pics de tension (Peaks)<\/li>\n<li>Indicateur LED<\/li>\n<li>Protection contre les chocs provenant de la ligne de terre<\/li>\n<li>Protection en cas d&rsquo;inversion Neutre-Phase<\/li>\n<li>Capacit\u00e9 de protection en cas de mise \u00e0 la terre faible ou inexistante<\/li>\n<li>Capacit\u00e9 d&rsquo;amortissement des surtensions<\/li>\n<li>Protection contre la foudre<\/li>\n<li>2 Prises triphas\u00e9es 5*32A<\/li>\n<li>Facilit\u00e9 d&rsquo;utilisation \u00ab\u00a0Plug &#038; Play\u00a0\u00bb (Pr\u00eat \u00e0 l&#8217;emploi)<\/li>\n<li>Inflammabilit\u00e9 V0 (Auto-extinguible)<\/li>\n<\/ul>\n<p>\u2666 Garantie \u00e9tendue : Remplacement gratuit du produit une seule fois pendant 1 an, m\u00eame en dehors des conditions de garantie standard.<\/p>\n<\/div>\n<\/div>\n<\/div>\n<\/div>\n<div class=\"col-sm-8\"><\/div>\n","protected":false},"excerpt":{"rendered":"<p>YMMUT3 Panneau de Protection de Machine TABLEAU DE COMBINAISON AVEC PARAFOUDRE DE NOUVELLE G\u00c9N\u00c9RATION Capacit\u00e9 de parafoudre classes B, C et D Syst\u00e8me triphas\u00e9 380V Protection contre la haute tension Protection contre les pics de tension (Peaks) Indicateur LED Protection<span class=\"excerpt-hellip\"> [\u2026]<\/span><\/p>\n","protected":false},"featured_media":4951,"template":"","meta":[],"product_brand":[],"product_cat":[75],"product_tag":[],"class_list":{"0":"post-4950","1":"product","2":"type-product","3":"status-publish","4":"has-post-thumbnail","6":"product_cat-urunler-tr","8":"first","9":"instock","10":"shipping-taxable","11":"product-type-simple"},"_links":{"self":[{"href":"https:\/\/trimbox.com.tr\/fr\/wp-json\/wp\/v2\/product\/4950","targetHints":{"allow":["GET"]}}],"collection":[{"href":"https:\/\/trimbox.com.tr\/fr\/wp-json\/wp\/v2\/product"}],"about":[{"href":"https:\/\/trimbox.com.tr\/fr\/wp-json\/wp\/v2\/types\/product"}],"wp:featuredmedia":[{"embeddable":true,"href":"https:\/\/trimbox.com.tr\/fr\/wp-json\/wp\/v2\/media\/4951"}],"wp:attachment":[{"href":"https:\/\/trimbox.com.tr\/fr\/wp-json\/wp\/v2\/media?parent=4950"}],"wp:term":[{"taxonomy":"product_brand","embeddable":true,"href":"https:\/\/trimbox.com.tr\/fr\/wp-json\/wp\/v2\/product_brand?post=4950"},{"taxonomy":"product_cat","embeddable":true,"href":"https:\/\/trimbox.com.tr\/fr\/wp-json\/wp\/v2\/product_cat?post=4950"},{"taxonomy":"product_tag","embeddable":true,"href":"https:\/\/trimbox.com.tr\/fr\/wp-json\/wp\/v2\/product_tag?post=4950"}],"curies":[{"name":"wp","href":"https:\/\/api.w.org\/{rel}","templated":true}]}}