{"id":4956,"date":"2025-02-06T15:00:50","date_gmt":"2025-02-06T12:00:50","guid":{"rendered":"https:\/\/trimbox.com.tr\/urun\/gndmob-monofaze-notr-toprak-regulatoru\/"},"modified":"2026-03-29T22:33:54","modified_gmt":"2026-03-29T19:33:54","slug":"regulateur-neutre-terre-monophase-gndmob","status":"publish","type":"product","link":"https:\/\/trimbox.com.tr\/fr\/urun\/regulateur-neutre-terre-monophase-gndmob\/","title":{"rendered":"R\u00e9gulateur Neutre-Terre Monophas\u00e9 GNDMOB"},"content":{"rendered":"<div class=\"col-sm-16 clearfix\">\n<div class=\"product-detail\">\n<div class=\"product-detail-inner\">\n<div class=\"features-col\">\n<h3><strong>GNDMOB R\u00e9gulateur Neutre-Terre Monophas\u00e9<\/strong><\/h3>\n<ul>\n<li>Syst\u00e8me monophas\u00e9 220V<\/li>\n<li>Capacit\u00e9 \u00e0 r\u00e9guler la tension neutre-terre<\/li>\n<li>Suppression des interf\u00e9rences sonores (d&rsquo;origine mise \u00e0 la terre)<\/li>\n<li>Suppression des interf\u00e9rences d&rsquo;image (d&rsquo;origine mise \u00e0 la terre)<\/li>\n<li>Pr\u00e9vention de la formation de haute tension sur le ch\u00e2ssis m\u00e9tallique en cas de mise \u00e0 la terre faible ou interrompue<\/li>\n<li>Protection contre la haute tension<\/li>\n<li>Protection contre les pics de tension (Peaks)<\/li>\n<li>Protection contre les chocs provenant de la ligne de terre<\/li>\n<li>Montage en sortie de disjoncteur (jusqu&rsquo;\u00e0 un c\u00e2ble de terre de 4 mm max)<\/li>\n<li>Protection contre l&rsquo;inversion des conducteurs neutre et phase<\/li>\n<li>Protection en cas de rupture du neutre<\/li>\n<li>Capacit\u00e9 d&rsquo;amortissement des surtensions<\/li>\n<li>Protection contre la foudre<\/li>\n<li>Garantie \u00e9tendue : 1 an<\/li>\n<li>Inflammabilit\u00e9 V0 (Auto-extinguible)<\/li>\n<li>Conform\u00e9ment au niveau de s\u00e9curit\u00e9 de l&rsquo;appareil, celui-ci doit \u00eatre \u00e9quip\u00e9 d&rsquo;un panneau de combinaison comprenant au moins une prise, et d&rsquo;une fiche connectable avec un c\u00e2ble multibrin de 1,5 mm d&rsquo;une longueur minimale d&rsquo;un m\u00e8tre.<\/li>\n<li>Le rapport de tension neutre-terre entre la prise \u00e0 laquelle le panneau de combinaison (contenant le r\u00e9gulateur neutre-terre) est raccord\u00e9 et la prise situ\u00e9e sur le panneau de combinaison lui-m\u00eame doit correspondre aux sp\u00e9cifications du produit s\u00e9lectionn\u00e9.<\/li>\n<\/ul>\n<\/div>\n<\/div>\n<\/div>\n<\/div>\n","protected":false},"excerpt":{"rendered":"<p>GNDMOB R\u00e9gulateur Neutre-Terre Monophas\u00e9 Syst\u00e8me monophas\u00e9 220V Capacit\u00e9 \u00e0 r\u00e9guler la tension neutre-terre Suppression des interf\u00e9rences sonores (d&rsquo;origine mise \u00e0 la terre) Suppression des interf\u00e9rences d&rsquo;image (d&rsquo;origine mise \u00e0 la terre) Pr\u00e9vention de la formation de haute tension sur le<span class=\"excerpt-hellip\"> [\u2026]<\/span><\/p>\n","protected":false},"featured_media":4957,"template":"","meta":[],"product_brand":[],"product_cat":[75],"product_tag":[],"class_list":{"0":"post-4956","1":"product","2":"type-product","3":"status-publish","4":"has-post-thumbnail","6":"product_cat-urunler-tr","8":"first","9":"instock","10":"shipping-taxable","11":"product-type-simple"},"_links":{"self":[{"href":"https:\/\/trimbox.com.tr\/fr\/wp-json\/wp\/v2\/product\/4956","targetHints":{"allow":["GET"]}}],"collection":[{"href":"https:\/\/trimbox.com.tr\/fr\/wp-json\/wp\/v2\/product"}],"about":[{"href":"https:\/\/trimbox.com.tr\/fr\/wp-json\/wp\/v2\/types\/product"}],"wp:featuredmedia":[{"embeddable":true,"href":"https:\/\/trimbox.com.tr\/fr\/wp-json\/wp\/v2\/media\/4957"}],"wp:attachment":[{"href":"https:\/\/trimbox.com.tr\/fr\/wp-json\/wp\/v2\/media?parent=4956"}],"wp:term":[{"taxonomy":"product_brand","embeddable":true,"href":"https:\/\/trimbox.com.tr\/fr\/wp-json\/wp\/v2\/product_brand?post=4956"},{"taxonomy":"product_cat","embeddable":true,"href":"https:\/\/trimbox.com.tr\/fr\/wp-json\/wp\/v2\/product_cat?post=4956"},{"taxonomy":"product_tag","embeddable":true,"href":"https:\/\/trimbox.com.tr\/fr\/wp-json\/wp\/v2\/product_tag?post=4956"}],"curies":[{"name":"wp","href":"https:\/\/api.w.org\/{rel}","templated":true}]}}