{"id":4959,"date":"2025-02-06T14:58:45","date_gmt":"2025-02-06T11:58:45","guid":{"rendered":"https:\/\/trimbox.com.tr\/urun\/gndkom-kombi-notr-toprak-regulatoru\/"},"modified":"2026-03-29T22:33:39","modified_gmt":"2026-03-29T19:33:39","slug":"regulateur-neutre-terre-pour-chaudiere-gndkom","status":"publish","type":"product","link":"https:\/\/trimbox.com.tr\/fr\/urun\/regulateur-neutre-terre-pour-chaudiere-gndkom\/","title":{"rendered":"R\u00e9gulateur Neutre-Terre pour Chaudi\u00e8re GNDKOM"},"content":{"rendered":"<div class=\"col-sm-16 clearfix\">\n<div class=\"product-detail\">\n<div class=\"product-detail-inner\">\n<div class=\"features-col\">\n<h3><strong>GNDKOM R\u00e9gulateur Neutre-Terre pour Chaudi\u00e8re<\/strong><\/h3>\n<ul>\n<li>Syst\u00e8me monophas\u00e9 220V<\/li>\n<li>Capacit\u00e9 \u00e0 r\u00e9guler la tension neutre-terre<\/li>\n<li>Pr\u00e9vention de la formation de haute tension sur le ch\u00e2ssis m\u00e9tallique en cas de mise \u00e0 la terre faible ou interrompue<\/li>\n<li>Protection contre la haute tension<\/li>\n<li>Protection contre les pics de tension (Peaks)<\/li>\n<li>Protection contre les chocs provenant de la ligne de terre<\/li>\n<li>Montage en sortie de disjoncteur (jusqu&rsquo;\u00e0 un c\u00e2ble de terre de 4 mm max)<\/li>\n<li>Protection en cas de rupture du neutre<\/li>\n<li>Capacit\u00e9 d&rsquo;amortissement des surtensions<\/li>\n<li>Protection contre la foudre<\/li>\n<li>Garantie \u00e9tendue : 1 an<\/li>\n<li>Inflammabilit\u00e9 V0 (Auto-extinguible)<\/li>\n<\/ul>\n<p>\u2666\ufe0f <strong>Garantie \u00e9tendue :<\/strong> Remplacement gratuit du produit une seule fois pendant 1 an, m\u00eame en dehors des conditions de garantie standard.<\/p>\n<\/div>\n<\/div>\n<\/div>\n<\/div>\n","protected":false},"excerpt":{"rendered":"<p>GNDKOM R\u00e9gulateur Neutre-Terre pour Chaudi\u00e8re Syst\u00e8me monophas\u00e9 220V Capacit\u00e9 \u00e0 r\u00e9guler la tension neutre-terre Pr\u00e9vention de la formation de haute tension sur le ch\u00e2ssis m\u00e9tallique en cas de mise \u00e0 la terre faible ou interrompue Protection contre la haute tension<span class=\"excerpt-hellip\"> [\u2026]<\/span><\/p>\n","protected":false},"featured_media":4960,"template":"","meta":[],"product_brand":[],"product_cat":[75],"product_tag":[],"class_list":{"0":"post-4959","1":"product","2":"type-product","3":"status-publish","4":"has-post-thumbnail","6":"product_cat-urunler-tr","8":"first","9":"instock","10":"shipping-taxable","11":"product-type-simple"},"_links":{"self":[{"href":"https:\/\/trimbox.com.tr\/fr\/wp-json\/wp\/v2\/product\/4959","targetHints":{"allow":["GET"]}}],"collection":[{"href":"https:\/\/trimbox.com.tr\/fr\/wp-json\/wp\/v2\/product"}],"about":[{"href":"https:\/\/trimbox.com.tr\/fr\/wp-json\/wp\/v2\/types\/product"}],"wp:featuredmedia":[{"embeddable":true,"href":"https:\/\/trimbox.com.tr\/fr\/wp-json\/wp\/v2\/media\/4960"}],"wp:attachment":[{"href":"https:\/\/trimbox.com.tr\/fr\/wp-json\/wp\/v2\/media?parent=4959"}],"wp:term":[{"taxonomy":"product_brand","embeddable":true,"href":"https:\/\/trimbox.com.tr\/fr\/wp-json\/wp\/v2\/product_brand?post=4959"},{"taxonomy":"product_cat","embeddable":true,"href":"https:\/\/trimbox.com.tr\/fr\/wp-json\/wp\/v2\/product_cat?post=4959"},{"taxonomy":"product_tag","embeddable":true,"href":"https:\/\/trimbox.com.tr\/fr\/wp-json\/wp\/v2\/product_tag?post=4959"}],"curies":[{"name":"wp","href":"https:\/\/api.w.org\/{rel}","templated":true}]}}