{"id":4963,"date":"2025-02-06T09:46:43","date_gmt":"2025-02-06T06:46:43","guid":{"rendered":"https:\/\/trimbox.com.tr\/urun\/gndrk4-rack-kabin-priz\/"},"modified":"2026-03-29T22:33:10","modified_gmt":"2026-03-29T19:33:10","slug":"prise-pour-baie-rack-gndrk4","status":"publish","type":"product","link":"https:\/\/trimbox.com.tr\/fr\/urun\/prise-pour-baie-rack-gndrk4\/","title":{"rendered":"Prise pour Baie Rack GNDRK4"},"content":{"rendered":"<div class=\"col-sm-16 clearfix\">\n<div class=\"product-detail\">\n<div class=\"product-detail-inner\">\n<div class=\"features-col\">\n<h3><strong>GNDRK4 Unit\u00e9 de Prises pour Armoire Rack<\/strong><\/h3>\n<ul>\n<li>Unit\u00e9 de protection \u00e0 4 prises avec r\u00e9gulation Neutre-Terre pour armoire rack<\/li>\n<li>Syst\u00e8me : Monophas\u00e9<\/li>\n<li>Tension de fonctionnement V(in) : 220V<\/li>\n<li>Fr\u00e9quence de fonctionnement : 50\/60 Hz<\/li>\n<li>Cat\u00e9gorie CEI : Classe I+II+III<\/li>\n<li>Nombre de p\u00f4les : 2 (phase-neutre)<\/li>\n<li>Connexion \u00e0 la terre : Oui<\/li>\n<li>Normes\/R\u00e8glements : CEI 61643-11 2011, EN 61643-11 2012<\/li>\n<li>Indice de protection : IP20<\/li>\n<li>Mat\u00e9riau du bo\u00eetier : ABS, degr\u00e9 d&rsquo;inflammabilit\u00e9 UL\u201994 V-0<\/li>\n<li>Mode de protection : L \u2013 N \u2013 PE<\/li>\n<li>Temp\u00e9rature ambiante : -50 \u00b0C, +80 \u00b0C<\/li>\n<li>Dimensions : 465 x 65 x 80 mm<\/li>\n<li>Poids : 1055 g<\/li>\n<li>Capacit\u00e9 \u00e0 r\u00e9guler la tension Neutre-Terre<\/li>\n<li>Suppression des interf\u00e9rences sonores (d&rsquo;origine mise \u00e0 la terre)<\/li>\n<li>Suppression des interf\u00e9rences d&rsquo;image (d&rsquo;origine mise \u00e0 la terre)<\/li>\n<li>Protection contre la haute tension<\/li>\n<li>Conform\u00e9ment au niveau de s\u00e9curit\u00e9 de l&rsquo;appareil, il doit \u00eatre \u00e9quip\u00e9 d&rsquo;au moins 4 prises et d&rsquo;une fiche connectable avec un c\u00e2ble multibrin de 1,5 mm d&rsquo;une longueur minimale d&rsquo;un m\u00e8tre.<\/li>\n<\/ul>\n<\/div>\n<\/div>\n<\/div>\n<\/div>\n","protected":false},"excerpt":{"rendered":"<p>GNDRK4 Unit\u00e9 de Prises pour Armoire Rack Unit\u00e9 de protection \u00e0 4 prises avec r\u00e9gulation Neutre-Terre pour armoire rack Syst\u00e8me : Monophas\u00e9 Tension de fonctionnement V(in) : 220V Fr\u00e9quence de fonctionnement : 50\/60 Hz Cat\u00e9gorie CEI : Classe I+II+III Nombre<span class=\"excerpt-hellip\"> [\u2026]<\/span><\/p>\n","protected":false},"featured_media":4964,"template":"","meta":[],"product_brand":[],"product_cat":[75],"product_tag":[],"class_list":{"0":"post-4963","1":"product","2":"type-product","3":"status-publish","4":"has-post-thumbnail","6":"product_cat-urunler-tr","8":"first","9":"instock","10":"shipping-taxable","11":"product-type-simple"},"_links":{"self":[{"href":"https:\/\/trimbox.com.tr\/fr\/wp-json\/wp\/v2\/product\/4963","targetHints":{"allow":["GET"]}}],"collection":[{"href":"https:\/\/trimbox.com.tr\/fr\/wp-json\/wp\/v2\/product"}],"about":[{"href":"https:\/\/trimbox.com.tr\/fr\/wp-json\/wp\/v2\/types\/product"}],"wp:featuredmedia":[{"embeddable":true,"href":"https:\/\/trimbox.com.tr\/fr\/wp-json\/wp\/v2\/media\/4964"}],"wp:attachment":[{"href":"https:\/\/trimbox.com.tr\/fr\/wp-json\/wp\/v2\/media?parent=4963"}],"wp:term":[{"taxonomy":"product_brand","embeddable":true,"href":"https:\/\/trimbox.com.tr\/fr\/wp-json\/wp\/v2\/product_brand?post=4963"},{"taxonomy":"product_cat","embeddable":true,"href":"https:\/\/trimbox.com.tr\/fr\/wp-json\/wp\/v2\/product_cat?post=4963"},{"taxonomy":"product_tag","embeddable":true,"href":"https:\/\/trimbox.com.tr\/fr\/wp-json\/wp\/v2\/product_tag?post=4963"}],"curies":[{"name":"wp","href":"https:\/\/api.w.org\/{rel}","templated":true}]}}