{"id":4975,"date":"2025-01-28T22:39:29","date_gmt":"2025-01-28T19:39:29","guid":{"rendered":"https:\/\/trimbox.com.tr\/urun\/ym1expr\/"},"modified":"2026-03-29T22:30:35","modified_gmt":"2026-03-29T19:30:35","slug":"ym1expr","status":"publish","type":"product","link":"https:\/\/trimbox.com.tr\/fr\/urun\/ym1expr\/","title":{"rendered":"YM1EXPR"},"content":{"rendered":"<div class=\"col-sm-16 clearfix\">\n<div class=\"product-detail\">\n<div class=\"product-detail-inner\">\n<div class=\"features-col\">\n<h4><strong>YM1EXPR Parafoudre de Nouvelle G\u00e9n\u00e9ration<\/strong><\/h4>\n<ul>\n<li>Capacit\u00e9 de parafoudre classes B, C et D<\/li>\n<li>Syst\u00e8me monophas\u00e9 220V<\/li>\n<li>Protection contre la haute tension<\/li>\n<li>Protection contre les pics de tension (Peaks)<\/li>\n<li>Indicateur LED<\/li>\n<li>Int\u00e9gration avec les dispositifs diff\u00e9rentiels r\u00e9siduels (30mA)<\/li>\n<li>Int\u00e9gration avec les relais de protection contre l&rsquo;incendie (300mA)<\/li>\n<li>Protection contre les chocs provenant de la ligne de terre<\/li>\n<li>Capacit\u00e9 de protection illimit\u00e9e en cas de rupture du neutre (avec dispositif diff\u00e9rentiel)<\/li>\n<li>Protection en cas d&rsquo;inversion Neutre-Phase<\/li>\n<li>Capacit\u00e9 de protection en cas de mise \u00e0 la terre faible ou inexistante<\/li>\n<li>Capacit\u00e9 d&rsquo;amortissement des surtensions<\/li>\n<li>Protection contre la foudre<\/li>\n<li>Logos TRIMBOX et CE en relief<\/li>\n<li>Garantie \u00e9tendue : 1 an<\/li>\n<li>Protection en cas de contact Terre-Phase<\/li>\n<li>Dimensions du produit : 50x75x60 mm<\/li>\n<li>Inflammabilit\u00e9 V0 (Auto-extinguible)<\/li>\n<\/ul>\n<p><strong>Garantie \u00e9tendue : Remplacement gratuit du produit une seule fois pendant 1 an, m\u00eame en dehors des conditions de garantie standard.<\/strong>\n<\/div>\n<\/div>\n<\/div>\n<\/div>\n","protected":false},"excerpt":{"rendered":"<p>YM1EXPR Parafoudre de Nouvelle G\u00e9n\u00e9ration Capacit\u00e9 de parafoudre classes B, C et D Syst\u00e8me monophas\u00e9 220V Protection contre la haute tension Protection contre les pics de tension (Peaks) Indicateur LED Int\u00e9gration avec les dispositifs diff\u00e9rentiels r\u00e9siduels (30mA) Int\u00e9gration avec les<span class=\"excerpt-hellip\"> [\u2026]<\/span><\/p>\n","protected":false},"featured_media":4977,"template":"","meta":[],"product_brand":[],"product_cat":[76,75],"product_tag":[],"class_list":{"0":"post-4975","1":"product","2":"type-product","3":"status-publish","4":"has-post-thumbnail","6":"product_cat-ana-sayfa-da-goster","7":"product_cat-urunler-tr","9":"first","10":"instock","11":"shipping-taxable","12":"product-type-simple"},"_links":{"self":[{"href":"https:\/\/trimbox.com.tr\/fr\/wp-json\/wp\/v2\/product\/4975","targetHints":{"allow":["GET"]}}],"collection":[{"href":"https:\/\/trimbox.com.tr\/fr\/wp-json\/wp\/v2\/product"}],"about":[{"href":"https:\/\/trimbox.com.tr\/fr\/wp-json\/wp\/v2\/types\/product"}],"wp:featuredmedia":[{"embeddable":true,"href":"https:\/\/trimbox.com.tr\/fr\/wp-json\/wp\/v2\/media\/4977"}],"wp:attachment":[{"href":"https:\/\/trimbox.com.tr\/fr\/wp-json\/wp\/v2\/media?parent=4975"}],"wp:term":[{"taxonomy":"product_brand","embeddable":true,"href":"https:\/\/trimbox.com.tr\/fr\/wp-json\/wp\/v2\/product_brand?post=4975"},{"taxonomy":"product_cat","embeddable":true,"href":"https:\/\/trimbox.com.tr\/fr\/wp-json\/wp\/v2\/product_cat?post=4975"},{"taxonomy":"product_tag","embeddable":true,"href":"https:\/\/trimbox.com.tr\/fr\/wp-json\/wp\/v2\/product_tag?post=4975"}],"curies":[{"name":"wp","href":"https:\/\/api.w.org\/{rel}","templated":true}]}}