{"id":5139,"date":"2026-03-29T22:29:27","date_gmt":"2026-03-29T19:29:27","guid":{"rendered":"https:\/\/trimbox.com.tr\/urun\/trm4aut\/"},"modified":"2026-03-29T22:47:36","modified_gmt":"2026-03-29T19:47:36","slug":"trm4aut","status":"publish","type":"product","link":"https:\/\/trimbox.com.tr\/fr\/urun\/trm4aut\/","title":{"rendered":"TRM4AUT"},"content":{"rendered":"<h4><strong>S\u00e9rie d&rsquo;Automatisation TRIMBOX<\/strong><\/h4>\n<ul>\n<li>Capacit\u00e9 de Parafoudre de Classe B, C et D<\/li>\n<li>Syst\u00e8me Triphas\u00e9 380V<\/li>\n<li>Protection Contre la Haute Tension<\/li>\n<li>Protection Contre les Pics de Tension<\/li>\n<li>Indicateur LED<\/li>\n<li>Protection Contre l&rsquo;Inversion Neutre-Phase<\/li>\n<li>Capacit\u00e9 de Protection en Cas de Mise \u00e0 la Terre Faible ou Absente<\/li>\n<li>Capacit\u00e9 de Suppression des Surtensions<\/li>\n<li>Protection Contre la Foudre<\/li>\n<li>Logos TRIMBOX et CE en Relief<\/li>\n<li>Logo d&rsquo;Automatisation<\/li>\n<li>Minimisation de la Formation d&rsquo;\u00c9lectricit\u00e9 Statique<\/li>\n<li>Pr\u00e9vention de la Formation de Diff\u00e9rence de Potentiel\/Tension sur les Pi\u00e8ces M\u00e9talliques en Cas de Mise \u00e0 la Terre Faible ou Absente<\/li>\n<li>Montage \u00e0 la Sortie du Fusible (jusqu&rsquo;\u00e0 1000A)<\/li>\n<li>Dimensions du Produit : 50x75x60 mm<\/li>\n<li>Ininflammabilit\u00e9 V0<\/li>\n<\/ul>\n","protected":false},"excerpt":{"rendered":"<p>S\u00e9rie d&rsquo;Automatisation TRIMBOX Capacit\u00e9 de Parafoudre de Classe B, C et D Syst\u00e8me Triphas\u00e9 380V Protection Contre la Haute Tension Protection Contre les Pics de Tension Indicateur LED Protection Contre l&rsquo;Inversion Neutre-Phase Capacit\u00e9 de Protection en Cas de Mise \u00e0<span class=\"excerpt-hellip\"> [\u2026]<\/span><\/p>\n","protected":false},"featured_media":5123,"template":"","meta":[],"product_brand":[],"product_cat":[75],"product_tag":[],"class_list":{"0":"post-5139","1":"product","2":"type-product","3":"status-publish","4":"has-post-thumbnail","6":"product_cat-urunler-tr","8":"first","9":"instock","10":"shipping-taxable","11":"product-type-simple"},"_links":{"self":[{"href":"https:\/\/trimbox.com.tr\/fr\/wp-json\/wp\/v2\/product\/5139","targetHints":{"allow":["GET"]}}],"collection":[{"href":"https:\/\/trimbox.com.tr\/fr\/wp-json\/wp\/v2\/product"}],"about":[{"href":"https:\/\/trimbox.com.tr\/fr\/wp-json\/wp\/v2\/types\/product"}],"wp:featuredmedia":[{"embeddable":true,"href":"https:\/\/trimbox.com.tr\/fr\/wp-json\/wp\/v2\/media\/5123"}],"wp:attachment":[{"href":"https:\/\/trimbox.com.tr\/fr\/wp-json\/wp\/v2\/media?parent=5139"}],"wp:term":[{"taxonomy":"product_brand","embeddable":true,"href":"https:\/\/trimbox.com.tr\/fr\/wp-json\/wp\/v2\/product_brand?post=5139"},{"taxonomy":"product_cat","embeddable":true,"href":"https:\/\/trimbox.com.tr\/fr\/wp-json\/wp\/v2\/product_cat?post=5139"},{"taxonomy":"product_tag","embeddable":true,"href":"https:\/\/trimbox.com.tr\/fr\/wp-json\/wp\/v2\/product_tag?post=5139"}],"curies":[{"name":"wp","href":"https:\/\/api.w.org\/{rel}","templated":true}]}}