{"id":5142,"date":"2026-03-29T22:29:26","date_gmt":"2026-03-29T19:29:26","guid":{"rendered":"https:\/\/trimbox.com.tr\/urun\/trm2aut\/"},"modified":"2026-03-29T22:50:47","modified_gmt":"2026-03-29T19:50:47","slug":"trm2aut","status":"publish","type":"product","link":"https:\/\/trimbox.com.tr\/fr\/urun\/trm2aut\/","title":{"rendered":"TRM2AUT"},"content":{"rendered":"<h3><strong>S\u00c9RIE D&rsquo;AUTOMATISATION TRIMBOX<\/strong><\/h3>\n<ul>\n<li>Capacit\u00e9 de Parafoudre de Classe B, C et D<\/li>\n<li>Syst\u00e8me Monophas\u00e9 230V<\/li>\n<li>Protection Contre la Haute Tension<\/li>\n<li>Protection Contre les Pics de Tension<\/li>\n<li>Indicateur LED<\/li>\n<li>Protection Contre l&rsquo;Inversion Neutre-Phase<\/li>\n<li>Capacit\u00e9 de Protection en Cas de Mise \u00e0 la Terre Faible ou Absente<\/li>\n<li>Capacit\u00e9 de Suppression des Surtensions<\/li>\n<li>Protection Contre la Foudre<\/li>\n<li>Logos TRIMBOX et CE en Relief<\/li>\n<li>Logo d&rsquo;Automatisation<\/li>\n<li>Minimisation de la Formation d&rsquo;\u00c9lectricit\u00e9 Statique<\/li>\n<li>Pr\u00e9vention de la Formation de Diff\u00e9rence de Potentiel\/Tension sur les Pi\u00e8ces M\u00e9talliques en Cas de Mise \u00e0 la Terre Faible ou Absente<\/li>\n<li>Montage \u00e0 la Sortie du Fusible (jusqu&rsquo;\u00e0 1000A)<\/li>\n<li>Dimensions du Produit : 50x75x60 mm<\/li>\n<li>Ininflammabilit\u00e9 V0<\/li>\n<\/ul>\n","protected":false},"excerpt":{"rendered":"<p>S\u00c9RIE D&rsquo;AUTOMATISATION TRIMBOX Capacit\u00e9 de Parafoudre de Classe B, C et D Syst\u00e8me Monophas\u00e9 230V Protection Contre la Haute Tension Protection Contre les Pics de Tension Indicateur LED Protection Contre l&rsquo;Inversion Neutre-Phase Capacit\u00e9 de Protection en Cas de Mise \u00e0<span class=\"excerpt-hellip\"> [\u2026]<\/span><\/p>\n","protected":false},"featured_media":5113,"template":"","meta":[],"product_brand":[],"product_cat":[75],"product_tag":[],"class_list":{"0":"post-5142","1":"product","2":"type-product","3":"status-publish","4":"has-post-thumbnail","6":"product_cat-urunler-tr","8":"first","9":"instock","10":"shipping-taxable","11":"product-type-simple"},"_links":{"self":[{"href":"https:\/\/trimbox.com.tr\/fr\/wp-json\/wp\/v2\/product\/5142","targetHints":{"allow":["GET"]}}],"collection":[{"href":"https:\/\/trimbox.com.tr\/fr\/wp-json\/wp\/v2\/product"}],"about":[{"href":"https:\/\/trimbox.com.tr\/fr\/wp-json\/wp\/v2\/types\/product"}],"wp:featuredmedia":[{"embeddable":true,"href":"https:\/\/trimbox.com.tr\/fr\/wp-json\/wp\/v2\/media\/5113"}],"wp:attachment":[{"href":"https:\/\/trimbox.com.tr\/fr\/wp-json\/wp\/v2\/media?parent=5142"}],"wp:term":[{"taxonomy":"product_brand","embeddable":true,"href":"https:\/\/trimbox.com.tr\/fr\/wp-json\/wp\/v2\/product_brand?post=5142"},{"taxonomy":"product_cat","embeddable":true,"href":"https:\/\/trimbox.com.tr\/fr\/wp-json\/wp\/v2\/product_cat?post=5142"},{"taxonomy":"product_tag","embeddable":true,"href":"https:\/\/trimbox.com.tr\/fr\/wp-json\/wp\/v2\/product_tag?post=5142"}],"curies":[{"name":"wp","href":"https:\/\/api.w.org\/{rel}","templated":true}]}}