{"id":5146,"date":"2026-03-29T22:29:27","date_gmt":"2026-03-29T19:29:27","guid":{"rendered":"https:\/\/trimbox.com.tr\/urun\/gndrk1\/"},"modified":"2026-03-29T22:54:57","modified_gmt":"2026-03-29T19:54:57","slug":"gndrk1","status":"publish","type":"product","link":"https:\/\/trimbox.com.tr\/fr\/urun\/gndrk1\/","title":{"rendered":"GNDRK1"},"content":{"rendered":"<h3><strong>Prise de Courant pour Armoire Rack GNDRK1<\/strong><\/h3>\n<ul>\n<li>Prise de Protection Unique R\u00e9gul\u00e9e Neutre-Terre pour Armoire Rack<\/li>\n<li>Syst\u00e8me : Monophas\u00e9<\/li>\n<li>Tension de Fonctionnement V(in) : 220V<\/li>\n<li>Fr\u00e9quence de Fonctionnement : 50\/60 Hz<\/li>\n<li>Cat\u00e9gorie IEC : Classe I+II+III<\/li>\n<li>Nombre de P\u00f4les : 2 (Phase-Neutre)<\/li>\n<li>Mise \u00e0 la Terre : Oui<\/li>\n<li>Normes\/R\u00e9glementations : IEC 61643-11 2011, EN 61643-11 2012<\/li>\n<li>Classe de Protection : IP20<\/li>\n<li>Mat\u00e9riau du Bo\u00eetier : ABS, Indice d&rsquo;Inflammabilit\u00e9 UL\u201994 V-0<\/li>\n<li>Direction d&rsquo;Action : L \u2013 N \u2013 PE<\/li>\n<li>Temp\u00e9rature Ambiante : -50 \u00b0C, +80 \u00b0C<\/li>\n<li>Dimensions : 274x65x80mm<\/li>\n<li>Poids : 750g<\/li>\n<li>Capacit\u00e9 de R\u00e9gulation de la Tension Neutre-Terre<\/li>\n<li>Filtrage des Bruits Audio (Source Terre)<\/li>\n<li>Filtrage des Interf\u00e9rences Vid\u00e9o (Source Terre)<\/li>\n<li>Protection Contre les Surtensions \u00e0 Haute Tension<\/li>\n<\/ul>\n","protected":false},"excerpt":{"rendered":"<p>Prise de Courant pour Armoire Rack GNDRK1 Prise de Protection Unique R\u00e9gul\u00e9e Neutre-Terre pour Armoire Rack Syst\u00e8me : Monophas\u00e9 Tension de Fonctionnement V(in) : 220V Fr\u00e9quence de Fonctionnement : 50\/60 Hz Cat\u00e9gorie IEC : Classe I+II+III Nombre de P\u00f4les :<span class=\"excerpt-hellip\"> [\u2026]<\/span><\/p>\n","protected":false},"featured_media":5133,"template":"","meta":[],"product_brand":[],"product_cat":[75],"product_tag":[],"class_list":{"0":"post-5146","1":"product","2":"type-product","3":"status-publish","4":"has-post-thumbnail","6":"product_cat-urunler-tr","8":"first","9":"instock","10":"shipping-taxable","11":"product-type-simple"},"_links":{"self":[{"href":"https:\/\/trimbox.com.tr\/fr\/wp-json\/wp\/v2\/product\/5146","targetHints":{"allow":["GET"]}}],"collection":[{"href":"https:\/\/trimbox.com.tr\/fr\/wp-json\/wp\/v2\/product"}],"about":[{"href":"https:\/\/trimbox.com.tr\/fr\/wp-json\/wp\/v2\/types\/product"}],"wp:featuredmedia":[{"embeddable":true,"href":"https:\/\/trimbox.com.tr\/fr\/wp-json\/wp\/v2\/media\/5133"}],"wp:attachment":[{"href":"https:\/\/trimbox.com.tr\/fr\/wp-json\/wp\/v2\/media?parent=5146"}],"wp:term":[{"taxonomy":"product_brand","embeddable":true,"href":"https:\/\/trimbox.com.tr\/fr\/wp-json\/wp\/v2\/product_brand?post=5146"},{"taxonomy":"product_cat","embeddable":true,"href":"https:\/\/trimbox.com.tr\/fr\/wp-json\/wp\/v2\/product_cat?post=5146"},{"taxonomy":"product_tag","embeddable":true,"href":"https:\/\/trimbox.com.tr\/fr\/wp-json\/wp\/v2\/product_tag?post=5146"}],"curies":[{"name":"wp","href":"https:\/\/api.w.org\/{rel}","templated":true}]}}